{"id":14,"date":"2020-11-30T20:59:29","date_gmt":"2020-11-30T19:59:29","guid":{"rendered":"https:\/\/hichamoos.fr\/?page_id=14"},"modified":"2024-08-02T03:09:05","modified_gmt":"2024-08-02T01:09:05","slug":"accueil","status":"publish","type":"page","link":"https:\/\/hichamoos.fr\/","title":{"rendered":"Accueil"},"content":{"rendered":"\t\t<div data-elementor-type=\"wp-page\" data-elementor-id=\"14\" class=\"elementor elementor-14\">\n\t\t\t\t\t\t<div class=\"elementor-inner\">\n\t\t\t\t<div class=\"elementor-section-wrap\">\n\t\t\t\t\t\t\t\t\t<section class=\"elementor-section elementor-top-section elementor-element elementor-element-ac787c1 elementor-section-full_width elementor-section-height-default elementor-section-height-default wpr-particle-no wpr-jarallax-no wpr-parallax-no wpr-sticky-section-no\" data-id=\"ac787c1\" data-element_type=\"section\">\n\t\t\t\t\t\t<div class=\"elementor-container elementor-column-gap-default\">\n\t\t\t\t\t\t\t<div class=\"elementor-row\">\n\t\t\t\t\t<div class=\"elementor-column elementor-col-50 elementor-top-column elementor-element elementor-element-2b28241\" data-id=\"2b28241\" data-element_type=\"column\">\n\t\t\t<div class=\"elementor-column-wrap elementor-element-populated\">\n\t\t\t\t\t\t\t<div class=\"elementor-widget-wrap\">\n\t\t\t\t\t\t<div class=\"elementor-element elementor-element-4c1fc57 elementor-widget elementor-widget-html\" data-id=\"4c1fc57\" data-element_type=\"widget\" data-widget_type=\"html.default\">\n\t\t\t\t<div class=\"elementor-widget-container\">\n\t\t\t<div class=\"ima\">\n    \n    \n<div>\n    \n    <br> <br> <br><br><br>\n<\/div>\n\n\n<div>\n  <p class=\"animate-text\">\n<br>\nBienvenue sur le portfolio de Hicham OURTIOUALOUS !\n\n<br><br>\nActuellement Ing\u00e9nieur d\u00e9veloppement chez Cr\u00e9dit Agricole Group Infrastructure Platform (CA-GIP) et dipl\u00f4m\u00e9 d'un Master Expert en ing\u00e9nierie informatique.\n\n<br><br>\nD\u00e9couvrez en plus sur mon parcours !\n<br><br><br><br><br><br>\n\n<center>\n<br><br>\n<a class= \"button\" href = \"https:\/\/hichamoos.fr\/index.php\/Parcours\/\">Parcours<\/a><\/center>\n\n<\/p>  \n    \n<\/div>\n<\/div>\n\n<script type=\"text\/javascript\">\n\n\"use strict\";\nwindow.addEventListener(\"DOMContentLoaded\", (event) => {\n  animate_text();\n});\n\/\/ -------------------\nfunction animate_text() \n{\n  let delay = 20,\n      delay_start = 0,\n      contents,\n      letters;\n\n  document.querySelectorAll(\".animate-text\").forEach(function (elem) {\n    contents = elem.textContent.trim();\n    elem.textContent = \"\";\n    letters = contents.split(\"\");\n    elem.style.visibility = 'visible';\n\n    letters.forEach(function (letter, index_1) {\n      setTimeout(function () {\n     \n        elem.textContent += letter;\n   \n       \n      }, delay_start + delay * index_1);\n    });    \n    delay_start += delay * letters.length;\n  });\n}\n\n\n<\/script>\n<style type=\"text\/css\">\n\n\t\n\t\/* effet machine \u00e0 \u00e9crire (SIMPLE) *\/\n.animate-text { \n\tvisibility:hidden;\n  font-family:\"courier\",sans-serif;\n  text-align: center;\n  color:white !important;; \n}\n\n.ima {\n  background-image: url(\"https:\/\/hichamoos.fr\/wp-content\/uploads\/2024\/08\/pyL.png\");\n}\n\n<\/style>\n\t\t<\/div>\n\t\t\t\t<\/div>\n\t\t\t\t\t\t<\/div>\n\t\t\t\t\t<\/div>\n\t\t<\/div>\n\t\t\t\t<div class=\"elementor-column elementor-col-50 elementor-top-column elementor-element elementor-element-16c52a4\" data-id=\"16c52a4\" data-element_type=\"column\">\n\t\t\t<div class=\"elementor-column-wrap elementor-element-populated\">\n\t\t\t\t\t\t\t<div class=\"elementor-widget-wrap\">\n\t\t\t\t\t\t<div class=\"elementor-element elementor-element-8902164 elementor-position-top elementor-vertical-align-top elementor-invisible elementor-widget elementor-widget-image-box\" data-id=\"8902164\" data-element_type=\"widget\" data-settings=\"{&quot;_animation&quot;:&quot;fadeIn&quot;,&quot;_animation_delay&quot;:1300}\" data-widget_type=\"image-box.default\">\n\t\t\t\t<div class=\"elementor-widget-container\">\n\t\t\t<div class=\"elementor-image-box-wrapper\"><figure class=\"elementor-image-box-img\"><a href=\"https:\/\/hichamoos.fr\/index.php\/projets\/\"><img decoding=\"async\" width=\"459\" height=\"776\" src=\"https:\/\/hichamoos.fr\/wp-content\/uploads\/2020\/12\/58BF12D7-4386-4C28-A13D-6EC201117F12.jpeg\" class=\"elementor-animation-push attachment-full size-full wp-image-158\" alt=\"\" loading=\"lazy\" srcset=\"https:\/\/hichamoos.fr\/wp-content\/uploads\/2020\/12\/58BF12D7-4386-4C28-A13D-6EC201117F12.jpeg 459w, https:\/\/hichamoos.fr\/wp-content\/uploads\/2020\/12\/58BF12D7-4386-4C28-A13D-6EC201117F12-177x300.jpeg 177w\" sizes=\"(max-width: 459px) 100vw, 459px\" \/><\/a><\/figure><div class=\"elementor-image-box-content\"><h3 class=\"elementor-image-box-title\"><a href=\"https:\/\/hichamoos.fr\/index.php\/projets\/\">Hicham OURTIOUALOUS<\/a><\/h3><p class=\"elementor-image-box-description\">\u00e2ge : 25 ans\n<br>\nProfession : Ing\u00e9nieur d\u00e9veloppement \/ Data Scientist\n<br>\nD\u00e9couvrez mes comp\u00e9tences en consultant mes projets r\u00e9alis\u00e9s ! \n<br><br>\n<a class= \"button\" href = \"https:\/\/hichamoos.fr\/index.php\/projets\/\"> Mes Projets<\/a>\n\n<\/p><\/div><\/div>\t\t<\/div>\n\t\t\t\t<\/div>\n\t\t\t\t\t\t<\/div>\n\t\t\t\t\t<\/div>\n\t\t<\/div>\n\t\t\t\t\t\t\t\t<\/div>\n\t\t\t\t\t<\/div>\n\t\t<\/section>\n\t\t\t\t<section class=\"elementor-section elementor-top-section elementor-element elementor-element-9f211c1 elementor-section-boxed elementor-section-height-default elementor-section-height-default wpr-particle-no wpr-jarallax-no wpr-parallax-no wpr-sticky-section-no\" data-id=\"9f211c1\" data-element_type=\"section\">\n\t\t\t\t\t\t<div class=\"elementor-container elementor-column-gap-default\">\n\t\t\t\t\t\t\t<div class=\"elementor-row\">\n\t\t\t\t\t<div class=\"elementor-column elementor-col-100 elementor-top-column elementor-element elementor-element-2a3be63\" data-id=\"2a3be63\" data-element_type=\"column\">\n\t\t\t<div class=\"elementor-column-wrap elementor-element-populated\">\n\t\t\t\t\t\t\t<div class=\"elementor-widget-wrap\">\n\t\t\t\t\t\t<div class=\"elementor-element elementor-element-92d3bd5 elementor-shape-circle elementor-grid-0 e-grid-align-center elementor-widget elementor-widget-social-icons\" data-id=\"92d3bd5\" data-element_type=\"widget\" data-widget_type=\"social-icons.default\">\n\t\t\t\t<div class=\"elementor-widget-container\">\n\t\t\t\t\t<div class=\"elementor-social-icons-wrapper elementor-grid\">\n\t\t\t\t\t\t\t<span class=\"elementor-grid-item\">\n\t\t\t\t\t<a class=\"elementor-icon elementor-social-icon elementor-social-icon-linkedin elementor-repeater-item-6cba216\" href=\"https:\/\/www.linkedin.com\/in\/hichamoos\/\" target=\"_blank\">\n\t\t\t\t\t\t<span class=\"elementor-screen-only\">Linkedin<\/span>\n\t\t\t\t\t\t<i class=\"fab fa-linkedin\"><\/i>\t\t\t\t\t<\/a>\n\t\t\t\t<\/span>\n\t\t\t\t\t<\/div>\n\t\t\t\t<\/div>\n\t\t\t\t<\/div>\n\t\t\t\t\t\t<\/div>\n\t\t\t\t\t<\/div>\n\t\t<\/div>\n\t\t\t\t\t\t\t\t<\/div>\n\t\t\t\t\t<\/div>\n\t\t<\/section>\n\t\t\t\t\t\t\t\t\t<\/div>\n\t\t\t<\/div>\n\t\t\t\t\t<\/div>\n\t\t","protected":false},"excerpt":{"rendered":"<p>Bienvenue sur le portfolio de Hicham OURTIOUALOUS ! Actuellement Ing\u00e9nieur d\u00e9veloppement chez Cr\u00e9dit Agricole Group Infrastructure Platform (CA-GIP) et dipl\u00f4m\u00e9 d&#8217;un Master Expert en ing\u00e9nierie informatique. D\u00e9couvrez en plus sur mon parcours ! Parcours Hicham OURTIOUALOUS \u00e2ge : 25 ans Profession : Ing\u00e9nieur d\u00e9veloppement \/ Data Scientist D\u00e9couvrez mes comp\u00e9tences en consultant mes projets r\u00e9alis\u00e9s [&hellip;]<\/p>\n","protected":false},"author":1,"featured_media":0,"parent":0,"menu_order":0,"comment_status":"closed","ping_status":"closed","template":"","meta":{"_monsterinsights_skip_tracking":false,"_monsterinsights_sitenote_active":false,"_monsterinsights_sitenote_note":"","_monsterinsights_sitenote_category":0},"_links":{"self":[{"href":"https:\/\/hichamoos.fr\/index.php\/wp-json\/wp\/v2\/pages\/14"}],"collection":[{"href":"https:\/\/hichamoos.fr\/index.php\/wp-json\/wp\/v2\/pages"}],"about":[{"href":"https:\/\/hichamoos.fr\/index.php\/wp-json\/wp\/v2\/types\/page"}],"author":[{"embeddable":true,"href":"https:\/\/hichamoos.fr\/index.php\/wp-json\/wp\/v2\/users\/1"}],"replies":[{"embeddable":true,"href":"https:\/\/hichamoos.fr\/index.php\/wp-json\/wp\/v2\/comments?post=14"}],"version-history":[{"count":281,"href":"https:\/\/hichamoos.fr\/index.php\/wp-json\/wp\/v2\/pages\/14\/revisions"}],"predecessor-version":[{"id":1108,"href":"https:\/\/hichamoos.fr\/index.php\/wp-json\/wp\/v2\/pages\/14\/revisions\/1108"}],"wp:attachment":[{"href":"https:\/\/hichamoos.fr\/index.php\/wp-json\/wp\/v2\/media?parent=14"}],"curies":[{"name":"wp","href":"https:\/\/api.w.org\/{rel}","templated":true}]}}